{"id":9255,"date":"2018-01-13T16:28:05","date_gmt":"2018-01-13T15:28:05","guid":{"rendered":"https:\/\/www.helmutsteiner.net\/datenschutzerklarung\/"},"modified":"2019-09-26T15:09:03","modified_gmt":"2019-09-26T14:09:03","slug":"datenschutzerklaerung","status":"publish","type":"page","link":"https:\/\/www.helmutsteiner.com\/de\/datenschutzerklaerung\/","title":{"rendered":"Datenschutzerkl\u00e4rung"},"content":{"rendered":"<p>Der Schutz Ihrer pers\u00f6nlichen Daten ist uns ein besonderes Anliegen. Wir verarbeiten Ihre Daten daher ausschlie\u00dflich auf Grundlage der gesetzlichen Bestimmungen (DSGVO, TKG 2003). In diesen Datenschutzinformationen informieren wir Sie \u00fcber die wichtigsten Aspekte der Datenverarbeitung im Rahmen unserer Website.<\/p>\n<p><strong>Kontakt mit uns<\/strong><\/p>\n<p>Wenn Sie per Formular auf der Website oder per E-Mail Kontakt mit uns aufnehmen, werden Ihre angegebenen Daten zwecks Bearbeitung der Anfrage und f\u00fcr den Fall von Anschlussfragen bei uns gespeichert. Diese Daten geben wir nicht ohne Ihre Einwilligung weiter.<\/p>\n<p><strong>Datenspeicherung<\/strong><\/p>\n<p>Wir weisen darauf hin, dass zum Zweck des einfacheren Einkaufsvorganges und zur sp\u00e4teren Vertragsabwicklung vom Webshop-Betreiber im Rahmen von Cookies die IP-Daten des Anschlussinhabers gespeichert werden, ebenso wie Name, Anschrift und Zahlungsinformationen des K\u00e4ufers.<\/p>\n<p>Dar\u00fcber hinaus werden zum Zweck der Vertragsabwicklung folgende Daten auch bei uns gespeichert: Email, Telefonnummer. Die von Ihnen bereit gestellten Daten sind zur Vertragserf\u00fcllung bzw. zur Durchf\u00fchrung vorvertraglicher Ma\u00dfnahmen erforderlich. Ohne diese Daten k\u00f6nnen wir den Vertrag mit Ihnen nicht abschlie\u00dfen. Eine Daten\u00fcbermittlung an Dritte erfolgt nicht, mit Ausnahme der \u00dcbermittlung der Zahlungsinformationen an die abwickelnden Bankinstitute\/Zahlungsdienstleister zum Zwecke der Abbuchung des Einkaufspreises, an das von uns beauftragte Transportunternehmen\/Versandunternehmen zur Zustellung der Ware sowie an unseren Steuerberater zur Erf\u00fcllung unserer steuerrechtlichen Verpflichtungen.<\/p>\n<p>Nach Abbruch des Einkaufsvorganges werden die bei uns gespeicherten Daten gel\u00f6scht. Im Falle eines Vertragsabschlusses werden s\u00e4mtliche Daten aus dem Vertragsverh\u00e4ltnis bis zum Ablauf der steuerrechtlichen Aufbewahrungsfrist (7 Jahre) gespeichert.<\/p>\n<p>Die Daten Name, Anschrift, gekaufte Waren und Kaufdatum werden dar\u00fcber hinaus gehend bis zum Ablauf der Produkthaftung (10 Jahre) gespeichert.\u00a0 Die Datenverarbeitung erfolgt auf Basis der gesetzlichen Bestimmungen des \u00a7 96 Abs 3 TKG sowie des Art 6 Abs 1 lit a (Einwilligung) und\/oder lit b (notwendig zur Vertragserf\u00fcllung) der DSGVO.<\/p>\n<p><strong>Cookies<\/strong><\/p>\n<p>Unsere Website verwendet so genannte Cookies. Dabei handelt es sich um kleine Textdateien, die mit Hilfe des Browsers auf Ihrem Endger\u00e4t abgelegt werden. Sie richten keinen Schaden an.<\/p>\n<p>Wir nutzen Cookies dazu, unser Angebot nutzerfreundlich zu gestalten. Einige Cookies bleiben auf Ihrem Endger\u00e4t gespeichert, bis Sie diese l\u00f6schen. Sie erm\u00f6glichen es uns, Ihren Browser beim n\u00e4chsten Besuch wiederzuerkennen.<\/p>\n<p>Wenn Sie dies nicht w\u00fcnschen, so k\u00f6nnen Sie Ihren Browser so einrichten, dass er Sie \u00fcber das Setzen von Cookies informiert und Sie dies nur im Einzelfall erlauben.<\/p>\n<p>Bei der Deaktivierung von Cookies kann die Funktionalit\u00e4t unserer Website eingeschr\u00e4nkt sein.<\/p>\n<p><strong>Social Media<\/strong><\/p>\n<p>Sie k\u00f6nnen auf unserer Website Beitr\u00e4ge, Produkte etc. mit von Ihnen gew\u00e4hlten Social Media Plattformen (Facebook, Twitter, LinkedIn, Pinterest, Google+, &#8230;) teilen. Wir benutzen keine von den jeweiligen Unternehmen bereitgestellten Like- bzw. Share-Kn\u00f6pfe, d.h. es werden keine Informationen \u00fcber Sie (IP Adresse etc.) gesendet, bevor Sie nicht auf einen der Kn\u00f6pfe dr\u00fccken.<\/p>\n<p>Weiters verf\u00fcgt diese Website \u00fcber ein Social Media Login, das mittels\u00a0<a href=\"http:\/\/www.oneall.com\/\" target=\"_blank\" rel=\"noopener noreferrer\">OneAll Social Login<\/a>\u00a0Plugin realisiert wurde. Dies bedeutet, dass Sie sich mittels eines Ihrer Social Media Profile bei unserer Website anmelden k\u00f6nnen. Wir erhalten hierbei von den Social Media Unternehmen Daten, wie Ihren Namen und Ihre Email-Adresse, um eine Anmeldung bei unserer Website zu erm\u00f6glichen.<\/p>\n<p><b>Kommentare<\/b><\/p>\n<p>Wenn Sie auf unserer Website einen Kommentar hinterlassen, werden Ihre eingegebenen Informationen (Name, E-Mail-Adresse, Website und der eingegebene Text)\u00a0zur Anzeige f\u00fcr andere Besucher dieser Website gespeichert. Das selbe gilt f\u00fcr Bewertungen.<\/p>\n<p><strong>Fotogalerien<\/strong><\/p>\n<p>Wir nutzen den kanadischen Anbieter Pixieset f\u00fcr die Fotogalerien unserer Kunden, um Ihnen auf allen Ger\u00e4ten ein au\u00dfergew\u00f6hnliches Erlebnis bieten zu k\u00f6nnen. Private Kundengalerien werden von uns mit Passw\u00f6rtern gesch\u00fctzt, damit nur Sie Zugang zu Ihren Daten haben und Ihre Fotos vor neugierigen Augen gesch\u00fctzt sind. Eventfotos von \u00f6ffentlichen Veranstaltungen sind \u00fcblicherweise auch \u00f6ffentlich zug\u00e4nglich, damit alle G\u00e4ste Zugang zu den Fotos erhalten.<\/p>\n<p>Pixieset verpflichtet sich in seiner <a href=\"https:\/\/pixieset.com\/privacy\/\">Datenschutzerkl\u00e4rung<\/a>\u00a0und im <a href=\"https:\/\/pixieset.com\/dpa\/\">Datenverarbeitungsanhang<\/a>, die DSGVO einzuhalten und private Daten nicht an nicht berechtigte Dritte weiterzugeben bzw. keine Verarbeitung der Daten vorzunehmen, falls diese nicht zur Erf\u00fcllung des Auftrags notwendig ist. F\u00fcr weitere Informationen lesen Sie bitte die verlinkten Dokumente.<\/p>\n<p><strong>Web-Analyse<\/strong><\/p>\n<p>Unsere Website verwendet Funktionen des Webanalysedienstes Google Analytics von Google Inc. (&#8222;Google&#8220;). Dazu werden Cookies verwendet, die eine Analyse der Benutzung der Website durch Ihre Benutzer erm\u00f6glicht. Die dadurch erzeugten Informationen werden auf den Server des Anbieters \u00fcbertragen und dort gespeichert.<\/p>\n<p>Sie k\u00f6nnen dies verhindern, indem Sie Ihren Browser so einrichten, dass keine Cookies gespeichert werden.<\/p>\n<p>Sie k\u00f6nnen dar\u00fcber hinaus die Erfassung der durch das Cookie erzeugten und auf Ihre Nutzung der Website bezogenen Daten (inkl. Ihrer IP-Adresse) an Google sowie die Verarbeitung dieser Daten durch Google verhindern, indem Sie das unter dem folgenden Link (<a href=\"http:\/\/tools.google.com\/dlpage\/gaoptout?hl=de\" target=\"_blank\" rel=\"noopener noreferrer\">http:\/\/tools.google.com\/dlpage\/gaoptout?hl=de<\/a>) verf\u00fcgbare Browser-Plugin herunterladen und installieren.<\/p>\n<p>N\u00e4here Informationen zu Nutzungsbedingungen und Datenschutz finden Sie unter <a href=\"http:\/\/www.google.com\/analytics\/terms\/de.html\" target=\"_blank\" rel=\"noopener noreferrer\">http:\/\/www.google.com\/analytics\/terms\/de.html<\/a>\u00a0bzw. unter\u00a0<a href=\"https:\/\/www.google.de\/intl\/de\/policies\/\" target=\"_blank\" rel=\"noopener noreferrer\">https:\/\/www.google.de\/intl\/de\/policies\/<\/a>. Wir weisen Sie darauf hin, dass auf dieser Website Google Analytics um den Code \u201eanonymizeIp\u201c erweitert wurde, um eine anonymisierte Erfassung von IP-Adressen (sog. IP-Masking) zu gew\u00e4hrleisten.\u00a0Ihre IP-Adresse wird erfasst, aber umgehend [z.B. durch L\u00f6schung der letzten 8 Bit] pseudonymisiert. Dadurch ist nur mehr eine grobe Lokalisierung m\u00f6glich.<\/p>\n<p>Die Datenverarbeitung erfolgt auf Basis der gesetzlichen Bestimmungen des \u00a7 96 Abs 3 TKG sowie des Art 6 Abs 1 lit a (Einwilligung) und\/oder f (berechtigtes Interesse) der DSGVO.<\/p>\n<p>Unser Anliegen im Sinne der DSGVO (berechtigtes Interesse) ist die Verbesserung unseres Angebotes und unseres Webauftritts. Da uns die Privatsph\u00e4re unserer Nutzer wichtig ist, werden die Nutzerdaten pseudonymisiert.<\/p>\n<p><strong>Newsletter<\/strong><\/p>\n<p>Sie haben die M\u00f6glichkeit, \u00fcber unsere Website unseren Newsletter zu abonnieren. In unserem Newsletter informieren wir Sie \u00fcber aktuelle Ausstellungen, Neuigkeiten und geben Ihnen Informationen zu unseren Produkten und Dienstleistungen.<\/p>\n<p>Wenn Sie sich f\u00fcr unseren Newsletter anmelden wollen, ben\u00f6tigen wir Ihre E-Mail-Adresse und ihre Erkl\u00e4rung, dass Sie mit dem Bezug des Newsletters einverstanden sind.\u00a0Um Sie zielgerichtet mit Informationen zu versorgen und Sie pers\u00f6nlich anzusprechen, erheben und verarbeiten wir au\u00dferdem freiwillig gemachte Angaben, wie Ihren Namen, Interessengebiete, Geburtstag und Postleitzahl.<\/p>\n<p>Die Anmeldung zu unserem Newsletter erfolgt via Double-Opt-In-Verfahren. Das bedeutet, dass Sie nach Ihrer Anmeldung eine E-Mail von uns erhalten, in der wir Sie um die Best\u00e4tigung\u00a0 Ihrer Anmeldung bitten, um auszuschlie\u00dfen, dass fremde Personen Sie f\u00fcr unseren Newsletter anmelden. Die Anmeldung zu unserem Newsletter wird protokolliert, um die rechtlichen Anforderungen zu erf\u00fcllen. Hierbei werden der Zeitpunkt der Anmeldung und Best\u00e4tigung und Ihre IP-Adresse protokolliert.<\/p>\n<p>Der Versand unseres Newsletters erfolgt via der U.S. Newsletterplattform &#8222;MailChimp&#8220; (Rocket Science Group, LLC, 675 Ponce De Leon Ave NE #5000, Atlanta, GA 30308, USA).\u00a0Die E-Mail-Adressen\u00a0unserer Newsletterempf\u00e4nger, sowie die weiteren, oben beschriebenen Daten, werden auf den Servern von MailChimp in den USA gespeichert. MailChimp verwendet diese Informationen zum Versand und zur Auswertung der\u00a0Newsletter in unserem Auftrag. Des Weiteren kann MailChimp nach eigenen Informationen diese Daten\u00a0zur Optimierung oder Verbesserung der eigenen Services nutzen, z.B. zur technischen Optimierung des Versandes und der Darstellung der Newsletter oder f\u00fcr wirtschaftliche Zwecke, um zu bestimmen aus\u00a0welchen L\u00e4ndern die Empf\u00e4nger kommen. MailChimp wird Sie jedoch nicht selbst anschreiben oder Ihre Daten an\u00a0Dritte weitergeben. Anbieter aus den USA gelten \u00fcblicherweise als nicht so sicher, wie Anbieter aus Europa. MailChimp ist jedoch unter dem US-EU Datenschutzabkommen &#8222;<a href=\"https:\/\/www.privacyshield.gov\/participant?id=a2zt0000000TO6hAAG\">Privacy Shield<\/a>&#8220; zertifiziert und wird somit von uns als sicher erachtet. Weiters haben wir mit MailChimp ein &#8222;Data-Processing-Agreement&#8220; abgeschlossen.\u00a0Dabei handelt es sich um einen Vertrag, in dem sich MailChimp dazu verpflichtet, die Daten unserer Nutzer zu sch\u00fctzen, entsprechend dessen Datenschutzbestimmungen in unserem Auftrag zu verarbeiten und insbesondere nicht an Dritte weiter zu geben. F\u00fcr weitere Informationen lesen Sie bitte\u00a0die <a href=\"https:\/\/mailchimp.com\/legal\/privacy\/\">Datenschutzbestimmungen von MailChimp<\/a>.<\/p>\n<p>Die \u00fcber MailChimp versandten Newsletter enthalten einen sogenannten &#8222;web-beacon&#8220;, also eine pixelgro\u00dfe Datei, die mit dem Herunterladen von Bildern in Ihrem Emailprogramm geladen wird. Mit dieser Datei, werden Informationen, wie z.B. Ihre Browserversion, Ihre IP, Ihr Lese- und Klickverhalten f\u00fcr statistische Zwecke analysiert. Damit k\u00f6nnen wir unser Angebot noch besser an Ihre Bed\u00fcrfnisse anpassen.<\/p>\n<p><em>Das Abo des Newsletters k\u00f6nnen Sie jederzeit stornieren. <\/em>Klicken Sie dazu einfach auf den Abmeldelink am Ende eines unserer Newsletter oder schreiben Sie uns eine Nachricht! Mit der Abmeldung von unserem Newsletter erlischt gleichzeitig Ihre Einwilligung in dessen Versand und die statistische Analyse Ihrer Daten.<\/p>\n<p>Die Datenverarbeitung erfolgt auf Basis der gesetzlichen Bestimmungen des \u00a7 96 Abs 3 TKG sowie des Art 6 Abs 1 lit a (Einwilligung) und\/oder f (berechtigtes Interesse) der DSGVO.\u00a0Unser Interesse richtet sich auf den Einsatz eines\u00a0nutzerfreundlichen sowie sicheren Newslettersystems, das sowohl unseren gesch\u00e4ftlichen Interessen dient, als auch den Erwartungen der Nutzer entspricht.<\/p>\n<p><strong>Ihre Rechte<\/strong><\/p>\n<p><strong>Ihnen stehen grunds\u00e4tzlich die Rechte auf Auskunft, Berichtigung, L\u00f6schung, Einschr\u00e4nkung, Daten\u00fcbertragbarkeit, Widerruf und Widerspruch zu.<\/strong> Wenn Sie glauben, dass die Verarbeitung Ihrer Daten gegen das Datenschutzrecht verst\u00f6\u00dft oder Ihre datenschutzrechtlichen Anspr\u00fcche sonst in einer Weise verletzt worden sind, k\u00f6nnen Sie sich bei der Aufsichtsbeh\u00f6rde beschweren. In \u00d6sterreich ist dies die <a href=\"https:\/\/www.dsb.gv.at\/home\" target=\"_blank\" rel=\"noopener noreferrer\">Datenschutzbeh\u00f6rde<\/a>.<\/p>\n<p><strong>Sie erreichen uns unter folgenden Kontaktdaten<\/strong>:<\/p>\n<p>Helmut Steiner Productions e.U.<br \/>\nDI Mag. Helmut Steiner<\/p>\n<p>E-Mail: office [at] helmutsteiner.com<\/p>\n<p><strong>Vorvertragliche Informationen gem\u00e4\u00df \u00a7 4 Abs 1 FAGG<\/strong><\/p>\n<ul>\n<li>Belehrung \u00fcber Ihr\u00a0<a href=\"https:\/\/www.helmutsteiner.com\/de\/widerrufsrecht\/\">R\u00fccktrittsrecht\/Widerrufsrecht<\/a><\/li>\n<li>Alle Vertragsabschl\u00fcsse unterliegen unseren\u00a0<a href=\"https:\/\/www.helmutsteiner.com\/de\/agb\/\" rel=\"noopener\" data-slimstat=\"3\">AGB<\/a><\/li>\n<li><a href=\"https:\/\/www.helmutsteiner.com\/de\/impressum\/\" rel=\"noopener\" data-slimstat=\"5\">Impressum<\/a>\u00a0&amp;\u00a0<a href=\"https:\/\/www.helmutsteiner.com\/de\/datenschutzerklaerung\/\" rel=\"noopener\" data-slimstat=\"5\">Erkl\u00e4rung zur Informationspflicht (Datenschutzerkl\u00e4rung)<\/a><\/li>\n<\/ul>","protected":false},"excerpt":{"rendered":"<p>Der Schutz Ihrer pers\u00f6nlichen Daten ist uns ein besonderes Anliegen. Wir verarbeiten Ihre Daten daher ausschlie\u00dflich auf Grundlage der gesetzlichen Bestimmungen (DSGVO, TKG 2003). In diesen Datenschutzinformationen informieren wir Sie \u00fcber die wichtigsten Aspekte der Datenverarbeitung im Rahmen unserer Website. Kontakt mit uns Wenn Sie per Formular auf der Website oder per E-Mail Kontakt mit  [&#8230;]<\/p>","protected":false},"author":2,"featured_media":0,"parent":0,"menu_order":0,"comment_status":"closed","ping_status":"closed","template":"","meta":{"iawp_total_views":6,"footnotes":""},"class_list":["post-9255","page","type-page","status-publish","hentry"],"_links":{"self":[{"href":"https:\/\/www.helmutsteiner.com\/de\/wp-json\/wp\/v2\/pages\/9255","targetHints":{"allow":["GET"]}}],"collection":[{"href":"https:\/\/www.helmutsteiner.com\/de\/wp-json\/wp\/v2\/pages"}],"about":[{"href":"https:\/\/www.helmutsteiner.com\/de\/wp-json\/wp\/v2\/types\/page"}],"author":[{"embeddable":true,"href":"https:\/\/www.helmutsteiner.com\/de\/wp-json\/wp\/v2\/users\/2"}],"replies":[{"embeddable":true,"href":"https:\/\/www.helmutsteiner.com\/de\/wp-json\/wp\/v2\/comments?post=9255"}],"version-history":[{"count":0,"href":"https:\/\/www.helmutsteiner.com\/de\/wp-json\/wp\/v2\/pages\/9255\/revisions"}],"wp:attachment":[{"href":"https:\/\/www.helmutsteiner.com\/de\/wp-json\/wp\/v2\/media?parent=9255"}],"curies":[{"name":"wp","href":"https:\/\/api.w.org\/{rel}","templated":true}]}}