{"id":9261,"date":"2018-01-13T17:06:08","date_gmt":"2018-01-13T16:06:08","guid":{"rendered":"https:\/\/www.helmutsteiner.net\/widerrufsrecht\/"},"modified":"2020-05-28T13:26:42","modified_gmt":"2020-05-28T12:26:42","slug":"widerrufsrecht","status":"publish","type":"page","link":"https:\/\/www.helmutsteiner.com\/de\/widerrufsrecht\/","title":{"rendered":"Widerrufsrecht"},"content":{"rendered":"<p><strong>Hinweis nach KSchG, FAGG und der EU-Verbraucherrichtlinie<\/strong><\/p>\n<p>Pflichtgem\u00e4\u00df weisen wir Sie darauf hin, dass ein Verbraucher von seinem Vertragsantrag oder von seinem Vertrag gem\u00e4\u00df \u00a7 3 KSchG (Konsumentenschutzgesetz) bzw. \u00a7 11 FAGG (Fern- und Ausw\u00e4rtsgesch\u00e4fte-Gesetz) binnen 14 Tagen zur\u00fccktreten kann.<\/p>\n<p>Dieses R\u00fccktrittsrecht besteht nicht bei:<\/p>\n<ul>\n<li>Vertr\u00e4gen \u00fcber Dienstleistungen, wenn der Unternehmer noch vor Ablauf der R\u00fccktrittsfrist mit der Ausf\u00fchrung der Dienstleistung begonnen<br \/>\nhat und die Dienstleistung sodann vollst\u00e4ndig erbracht wurde (\u00a7 18 Abs 1 Z 1 FAGG); sowie<\/li>\n<li>bei Waren, die nach Kundenspezifikationen angefertigt werden oder eindeutig auf die pers\u00f6nlichen Bed\u00fcrfnisse zugeschnitten sind (\u00a7 18 Abs 1 Z 3 FAGG); sowie<\/li>\n<li>bei Vertr\u00e4gen, die dem Fern- und Ausw\u00e4rtsgesch\u00e4fte-Gesetz unterliegen (\u00a7 3 Abs 1 Z 4 KSchG).<\/li>\n<\/ul>\n<p>Ein zul\u00e4ssiger R\u00fccktritt nach diesen Gesetzesstellen muss binnen 14 Kalendertagen ab Zustandekommen des Vertrages erkl\u00e4rt werden und bedarf zu seiner Rechtswirksamkeit der Schriftform.<\/p>\n<p>In Erf\u00fcllung unserer Informationspflicht nach \u00a7 4 Abs 1 Z 11 FAGG weisen wir aber darauf hin, dass aufgrund der oben genannten Ausnahmebestimmungen bei den meisten Vertr\u00e4gen mit unserem Unternehmen der Verbraucher sein R\u00fccktrittsrecht verliert, da unsere Dienstleistungen immer nach Kundenspezifikationen angefertigt werden und wir auch regelm\u00e4\u00dfig innerhalb der Widerrufsfrist bereits ihre Auftr\u00e4ge fertigstellen. Das gilt insbesonders auch f\u00fcr Daten, die vom Verbraucher in unserem Online-Shop heruntergeladen werden.<\/p>\n<p><b>Folgen des Widerrufs<\/b><\/p>\n<p>Wenn Sie einen Vertrag widerrufen, haben wir Ihnen alle Zahlungen, die wir von Ihnen erhalten haben, einschlie\u00dflich der Lieferkosten (mit Ausnahme der zus\u00e4tzlichen Kosten, die sich daraus ergeben, dass Sie eine andere Art der Lieferung als die von uns angebotene, g\u00fcnstigste Standardlieferung gew\u00e4hlt haben), unverz\u00fcglich und sp\u00e4testens binnen vierzehn Tagen ab dem Tag zur\u00fcckzuzahlen, an dem die Mitteilung \u00fcber Ihren Widerruf dieses Vertrags bei uns eingegangen ist. F\u00fcr diese R\u00fcckzahlung verwenden wir dasselbe Zahlungsmittel, das Sie bei der urspr\u00fcnglichen Transaktion eingesetzt haben, es sei denn, mit Ihnen wurde ausdr\u00fccklich etwas anderes vereinbart; in keinem Fall werden Ihnen wegen dieser R\u00fcckzahlung Entgelte berechnet. Wir k\u00f6nnen die R\u00fcckzahlung verweigern, bis wir die Waren wieder zur\u00fcckerhalten haben oder bis Sie den Nachweis erbracht haben, dass Sie die Waren zur\u00fcckgesandt haben, je nachdem, welches der fr\u00fchere Zeitpunkt ist.<\/p>\n<p>Sie haben die Waren unverz\u00fcglich und in jedem Fall sp\u00e4testens binnen vierzehn Tagen ab dem Tag, an dem Sie uns \u00fcber den Widerruf eines Vertrags unterrichten, an uns zur\u00fcckzusenden oder zu \u00fcbergeben.<\/p>\n<p>Die Frist ist gewahrt, wenn Sie die Waren vor Ablauf der Frist von vierzehn Tagen absenden. Sie tragen die unmittelbaren Kosten der R\u00fccksendung der Waren. Sie m\u00fcssen f\u00fcr einen etwaigen Wertverlust der Waren nur aufkommen, wenn dieser Wertverlust auf einen zur Pr\u00fcfung der Beschaffenheit, Eigenschaften und Funktionsweise der Waren nicht notwendigen Umgang mit ihnen zur\u00fcckzuf\u00fchren ist.<\/p>\n<p><strong>Sie erreichen uns unter folgenden Kontaktdaten<\/strong>:<\/p>\n<p>Helmut Steiner Productions e.U.<br \/>\nDI Mag. Helmut Steiner<\/p>\n<p>E-Mail: office [at] helmutsteiner.com<\/p>\n<p><strong>Vorvertragliche Informationen gem\u00e4\u00df \u00a7 4 Abs 1 FAGG<\/strong><\/p>\n<ul>\n<li>Belehrung \u00fcber Ihr <a href=\"https:\/\/www.helmutsteiner.com\/de\/widerrufsrecht\/\">R\u00fccktrittsrecht\/Widerrufsrecht<\/a><\/li>\n<li>Alle Vertragsabschl\u00fcsse unterliegen unseren <a href=\"https:\/\/www.helmutsteiner.com\/de\/agb\/\" rel=\"noopener\" data-slimstat=\"3\">AGB<\/a><\/li>\n<li><a href=\"https:\/\/www.helmutsteiner.com\/de\/impressum\/\" rel=\"noopener\" data-slimstat=\"5\">Impressum<\/a> &amp; <a href=\"https:\/\/www.helmutsteiner.com\/de\/datenschutzerklaerung\/\" rel=\"noopener\" data-slimstat=\"5\">Erkl\u00e4rung zur Informationspflicht (Datenschutzerkl\u00e4rung)<\/a><\/li>\n<\/ul>","protected":false},"excerpt":{"rendered":"<p>Hinweis nach KSchG, FAGG und der EU-Verbraucherrichtlinie Pflichtgem\u00e4\u00df weisen wir Sie darauf hin, dass ein Verbraucher von seinem Vertragsantrag oder von seinem Vertrag gem\u00e4\u00df \u00a7 3 KSchG (Konsumentenschutzgesetz) bzw. \u00a7 11 FAGG (Fern- und Ausw\u00e4rtsgesch\u00e4fte-Gesetz) binnen 14 Tagen zur\u00fccktreten kann. Dieses R\u00fccktrittsrecht besteht nicht bei: Vertr\u00e4gen \u00fcber Dienstleistungen, wenn der Unternehmer noch vor Ablauf der  [&#8230;]<\/p>","protected":false},"author":2,"featured_media":0,"parent":0,"menu_order":0,"comment_status":"closed","ping_status":"closed","template":"","meta":{"iawp_total_views":4,"footnotes":""},"class_list":["post-9261","page","type-page","status-publish","hentry"],"_links":{"self":[{"href":"https:\/\/www.helmutsteiner.com\/de\/wp-json\/wp\/v2\/pages\/9261","targetHints":{"allow":["GET"]}}],"collection":[{"href":"https:\/\/www.helmutsteiner.com\/de\/wp-json\/wp\/v2\/pages"}],"about":[{"href":"https:\/\/www.helmutsteiner.com\/de\/wp-json\/wp\/v2\/types\/page"}],"author":[{"embeddable":true,"href":"https:\/\/www.helmutsteiner.com\/de\/wp-json\/wp\/v2\/users\/2"}],"replies":[{"embeddable":true,"href":"https:\/\/www.helmutsteiner.com\/de\/wp-json\/wp\/v2\/comments?post=9261"}],"version-history":[{"count":0,"href":"https:\/\/www.helmutsteiner.com\/de\/wp-json\/wp\/v2\/pages\/9261\/revisions"}],"wp:attachment":[{"href":"https:\/\/www.helmutsteiner.com\/de\/wp-json\/wp\/v2\/media?parent=9261"}],"curies":[{"name":"wp","href":"https:\/\/api.w.org\/{rel}","templated":true}]}}