{"id":21962,"date":"2021-12-28T16:54:54","date_gmt":"2021-12-28T15:56:57","guid":{"rendered":"https:\/\/www.helmutsteiner.com\/product\/eishoehle\/"},"modified":"2023-04-05T18:45:27","modified_gmt":"2023-04-05T16:45:27","slug":"eishohle","status":"publish","type":"product","link":"https:\/\/www.helmutsteiner.com\/de\/produkt\/eishohle\/","title":{"rendered":"Eish\u00f6hle"},"content":{"rendered":"<p>Eish\u00f6hle im Brei\u00f0amerkurj\u00f6kull Gletscher.<\/p>\n<p>Limitierte Auflage von 20 St\u00fcck<\/p>\n<p>Gr\u00f6\u00dfe: 90cm x 60cm<br \/>\nDruck auf Acrylglas, wird mit Halterung geliefert<\/p>","protected":false},"excerpt":{"rendered":"<p>Eish\u00f6hle, Brei\u00f0amerkurj\u00f6kull, Druck auf Acrylglas, 90cm x 60cm<\/p>","protected":false},"featured_media":21961,"comment_status":"open","ping_status":"closed","template":"","meta":{"iawp_total_views":8},"product_brand":[],"product_cat":[3297,3486],"product_tag":[3487,3452,3471,3294,3468],"class_list":{"0":"post-21962","1":"product","2":"type-product","3":"status-publish","4":"has-post-thumbnail","6":"product_cat-druck","7":"product_cat-island","8":"product_tag-acrylglas","9":"product_tag-eis","10":"product_tag-gletscher","11":"product_tag-natur","12":"product_tag-winter-de","14":"first","15":"instock","16":"featured","17":"taxable","18":"shipping-taxable","19":"purchasable","20":"product-type-simple"},"_links":{"self":[{"href":"https:\/\/www.helmutsteiner.com\/de\/wp-json\/wp\/v2\/product\/21962","targetHints":{"allow":["GET"]}}],"collection":[{"href":"https:\/\/www.helmutsteiner.com\/de\/wp-json\/wp\/v2\/product"}],"about":[{"href":"https:\/\/www.helmutsteiner.com\/de\/wp-json\/wp\/v2\/types\/product"}],"replies":[{"embeddable":true,"href":"https:\/\/www.helmutsteiner.com\/de\/wp-json\/wp\/v2\/comments?post=21962"}],"wp:featuredmedia":[{"embeddable":true,"href":"https:\/\/www.helmutsteiner.com\/de\/wp-json\/wp\/v2\/media\/21961"}],"wp:attachment":[{"href":"https:\/\/www.helmutsteiner.com\/de\/wp-json\/wp\/v2\/media?parent=21962"}],"wp:term":[{"taxonomy":"product_brand","embeddable":true,"href":"https:\/\/www.helmutsteiner.com\/de\/wp-json\/wp\/v2\/product_brand?post=21962"},{"taxonomy":"product_cat","embeddable":true,"href":"https:\/\/www.helmutsteiner.com\/de\/wp-json\/wp\/v2\/product_cat?post=21962"},{"taxonomy":"product_tag","embeddable":true,"href":"https:\/\/www.helmutsteiner.com\/de\/wp-json\/wp\/v2\/product_tag?post=21962"}],"curies":[{"name":"wp","href":"https:\/\/api.w.org\/{rel}","templated":true}]}}