{"id":9122,"date":"2017-09-11T13:43:29","date_gmt":"2017-09-11T12:43:29","guid":{"rendered":"https:\/\/www.helmutsteiner.net\/?post_type=product&#038;p=9122"},"modified":"2020-09-24T10:04:18","modified_gmt":"2020-09-24T08:04:18","slug":"franzoesisches-tal","status":"publish","type":"product","link":"https:\/\/www.helmutsteiner.com\/de\/produkt\/franzoesisches-tal\/","title":{"rendered":"Franz\u00f6sisches Tal"},"content":{"rendered":"<p>360\u00b0 Panorama des &#8222;Franz\u00f6sischen Tals&#8220; im Nationalpark Torres del Paine (Patagonien, Chile). Die Wanderung war eine der besten, die ich je in meinem Leben unternommen habe. Ohrenbet\u00e4ubende Lawinen, die vor uns ins Tal schossen, Sturmb\u00f6en mit \u00fcber 100km\/h, Wetterumschw\u00fcnge alle 5min mit Regen, Hagel, Schnee und sommerlichem Sonnenschein machten das Erlebnis unvergesslich.<\/p>\n<p>Limitierte Auflage von 10 St\u00fcck<\/p>\n<p>Gr\u00f6\u00dfe: 214 cm x 50 cm<br \/>\nDruck auf Alu-Dibond, inklusive Aufh\u00e4ngung<\/p>","protected":false},"excerpt":{"rendered":"<p>Limitierter Alu-Dibond-Druck, 214 cm x 50 cm<\/p>","protected":false},"featured_media":17884,"comment_status":"open","ping_status":"closed","template":"","meta":{"iawp_total_views":12},"product_brand":[],"product_cat":[3297,3296],"product_tag":[3450,3298,3463,3295,3294],"class_list":{"0":"post-9122","1":"product","2":"type-product","3":"status-publish","4":"has-post-thumbnail","6":"product_cat-druck","7":"product_cat-panorama-de","8":"product_tag-360-grad","9":"product_tag-alu-dibond","10":"product_tag-berg","11":"product_tag-kunst","12":"product_tag-natur","14":"first","15":"instock","16":"taxable","17":"shipping-taxable","18":"purchasable","19":"product-type-simple"},"_links":{"self":[{"href":"https:\/\/www.helmutsteiner.com\/de\/wp-json\/wp\/v2\/product\/9122","targetHints":{"allow":["GET"]}}],"collection":[{"href":"https:\/\/www.helmutsteiner.com\/de\/wp-json\/wp\/v2\/product"}],"about":[{"href":"https:\/\/www.helmutsteiner.com\/de\/wp-json\/wp\/v2\/types\/product"}],"replies":[{"embeddable":true,"href":"https:\/\/www.helmutsteiner.com\/de\/wp-json\/wp\/v2\/comments?post=9122"}],"wp:featuredmedia":[{"embeddable":true,"href":"https:\/\/www.helmutsteiner.com\/de\/wp-json\/wp\/v2\/media\/17884"}],"wp:attachment":[{"href":"https:\/\/www.helmutsteiner.com\/de\/wp-json\/wp\/v2\/media?parent=9122"}],"wp:term":[{"taxonomy":"product_brand","embeddable":true,"href":"https:\/\/www.helmutsteiner.com\/de\/wp-json\/wp\/v2\/product_brand?post=9122"},{"taxonomy":"product_cat","embeddable":true,"href":"https:\/\/www.helmutsteiner.com\/de\/wp-json\/wp\/v2\/product_cat?post=9122"},{"taxonomy":"product_tag","embeddable":true,"href":"https:\/\/www.helmutsteiner.com\/de\/wp-json\/wp\/v2\/product_tag?post=9122"}],"curies":[{"name":"wp","href":"https:\/\/api.w.org\/{rel}","templated":true}]}}